{"id":474,"date":"2022-05-02T14:23:29","date_gmt":"2022-05-02T12:23:29","guid":{"rendered":"https:\/\/staging.microlabhard.com\/assessorianavarro\/centre-de-negocis-navarro-i-associats-s-l\/"},"modified":"2023-09-28T15:52:19","modified_gmt":"2023-09-28T13:52:19","slug":"centre-de-negocis-navarro-i-associats-s-l","status":"publish","type":"page","link":"https:\/\/assessorianavarro.cat\/es\/","title":{"rendered":"Centre de negocis Navarro i Associats, S.L."},"content":{"rendered":"<div class=\"wpb-content-wrapper\"><p>[vc_row][vc_column]<div class=\"porto-block\" data-id=\"519\"><style>.vc_custom_1689151723395{margin-bottom: 0px !important;}.vc_custom_1695727958070{margin-bottom: 0px !important;}.wpb_custom_c86c2fb53cae9eced42d4b8900a042f3 .owl-item:not(.active){opacity: 0.5}.wpb_custom_c86c2fb53cae9eced42d4b8900a042f3{--porto-el-spacing: 0px;}.wpb_custom_57a99ef05df3a9ee8fca274cb4b89dc7.porto-u-heading .porto-u-main-heading > *{font-weight:600;font-size:3em;letter-spacing:-2.448px;line-height:1.1em;}.wpb_custom_57a99ef05df3a9ee8fca274cb4b89dc7 .porto-u-sub-heading{font-weight:500;font-size:1.1em;line-height:1.3;}<\/style>[vc_section full_width=\"stretch_row_content\" bottom_divider_type=\"waves_opacity\" conditional_render=\"%5B%7B%22value_role%22%3A%22administrator%22%7D%5D\" bottom_divider_color=\"#ffffff\"][vc_row full_width=\"stretch_row\" no_padding=\"yes\" el_class=\"mlh_slider3 overflow-hidden intro-section\" conditional_render=\"%5B%7B%22value_role%22%3A%22administrator%22%7D%5D\" el_id=\"slider3\"][vc_column][vc_row_inner el_class=\"intro-banner\"][vc_column_inner el_class=\"h-100\"]<div class=\"porto-carousel owl-carousel has-ccols ccols-xl-1 ccols-lg-1 ccols-md-1 ccols-sm-1 ccols-1 custom-nav-style mb-0 h-100 wpb_custom_c86c2fb53cae9eced42d4b8900a042f3\" data-plugin-options=\"{&quot;themeConfig&quot;:true,&quot;stagePadding&quot;:0,&quot;margin&quot;:0,&quot;autoplay&quot;:&quot;yes&quot;,&quot;mouseDrag&quot;:false,&quot;touchDrag&quot;:false,&quot;autoplayTimeout&quot;:6000,&quot;autoplayHoverPause&quot;:false,&quot;items&quot;:1,&quot;xl&quot;:1,&quot;lg&quot;:1,&quot;md&quot;:1,&quot;sm&quot;:1,&quot;xs&quot;:1,&quot;nav&quot;:false,&quot;dots&quot;:false,&quot;animateIn&quot;:&quot;fadeIn&quot;,&quot;animateOut&quot;:&quot;fadeOut&quot;,&quot;loop&quot;:&quot;yes&quot;,&quot;center&quot;:false,&quot;video&quot;:false,&quot;lazyLoad&quot;:false,&quot;fullscreen&quot;:false}\"><div class=\"porto-ibanner interactive-banner-wrap-07dd21040fa50768c9d370ae74e47015 mb-0 slide-1\" style=\"background:#f2f2f2;\"><div class=\"banner-effect-wrapper\"><div class=\"banner-effect kenBurnsToLeft\" style=\"background-image: url(https:\/\/assessorianavarro.cat\/wp-content\/uploads\/2023\/04\/empresarios-scaled.jpg); background-size: cover;background-position: center;animation-duration: 20s;\"><\/div><\/div><img loading=\"lazy\" decoding=\"async\" alt=\"\" width=\"2560\" height=\"1707\" class=\"porto-ibanner-img invisible\" src=\"https:\/\/assessorianavarro.cat\/wp-content\/uploads\/2023\/04\/empresarios-scaled.jpg\" srcset=\"https:\/\/assessorianavarro.cat\/wp-content\/uploads\/2023\/04\/empresarios-scaled.jpg 2560w, https:\/\/assessorianavarro.cat\/wp-content\/uploads\/2023\/04\/empresarios-1024x683.jpg 1024w, https:\/\/assessorianavarro.cat\/wp-content\/uploads\/2023\/04\/empresarios-768x512.jpg 768w, https:\/\/assessorianavarro.cat\/wp-content\/uploads\/2023\/04\/empresarios-1536x1024.jpg 1536w, https:\/\/assessorianavarro.cat\/wp-content\/uploads\/2023\/04\/empresarios-2048x1366.jpg 2048w, https:\/\/assessorianavarro.cat\/wp-content\/uploads\/2023\/04\/empresarios-640x427.jpg 640w, https:\/\/assessorianavarro.cat\/wp-content\/uploads\/2023\/04\/empresarios-400x267.jpg 400w\" sizes=\"auto, (max-width: 2560px) 100vw, 2560px\"><div class=\"porto-ibanner-desc no-padding d-flex\"><div class=\"container\"><div class=\"porto-ibanner-container\"><div class=\"porto-ibanner-layer wpb_custom_2c5109c031829f9c54153ed0e6239ff6 banner-pos-bfcbae4c8532bb0d44173291ffced35b\" style=\"width:55%;\"><div class=\"porto-u-heading  wpb_custom_57a99ef05df3a9ee8fca274cb4b89dc7 porto-u-ad87e2eaf3f9c495180fe0156ddf3eb0 \" data-appear-animation=\"fadeInDown\" data-appear-animation-delay=\"300\"><div class=\"porto-u-main-heading\"><h2   style=\"color:#ffffff;margin-bottom: 16px;\">Visi\u00f3n global para un asesoramiento profesional<\/h2><\/div><style>.porto-u-ad87e2eaf3f9c495180fe0156ddf3eb0.porto-u-heading{text-align:left}<\/style><\/div>[vc_btn title=\"Asesoramiento\" animation_delay=\"600\" el_class=\"mlh_btn mlh_btnlight\" css=\".vc_custom_1689151723395{margin-bottom: 0px !important;}\" animation_type=\"fadeInUp\" link=\"url:https%3A%2F%2Fassessorianavarro.cat%2Fes%2Fservicios%2F|\"][vc_btn title=\"Cont\u00e1ctenos\" animation_delay=\"600\" el_class=\"mlh_btn mlh_btndark\" css=\".vc_custom_1695727958070{margin-bottom: 0px !important;}\" animation_type=\"fadeInUp\" link=\"url:https%3A%2F%2Fassessorianavarro.cat%2Fes%2F%23contacto\"]<style>.banner-pos-bfcbae4c8532bb0d44173291ffced35b {left:5%;right: unset;top: 50%;bottom: unset;transform: translateY(-50%);}<\/style><\/div><\/div><\/div><\/div><\/div><div class=\"porto-ibanner interactive-banner-wrap-07dd21040fa50768c9d370ae74e47015 mb-0 slide-1\" style=\"background:#f2f2f2;\"><div class=\"banner-effect-wrapper\"><div class=\"banner-effect kenBurnsToRight\" style=\"background-image: url(https:\/\/assessorianavarro.cat\/wp-content\/uploads\/2023\/04\/empresarios-oficina-scaled.jpg); background-size: cover;background-position: center;animation-duration: 20s;\"><\/div><\/div><img loading=\"lazy\" decoding=\"async\" alt=\"\" width=\"2560\" height=\"1277\" class=\"porto-ibanner-img invisible\" src=\"https:\/\/assessorianavarro.cat\/wp-content\/uploads\/2023\/04\/empresarios-oficina-scaled.jpg\" srcset=\"https:\/\/assessorianavarro.cat\/wp-content\/uploads\/2023\/04\/empresarios-oficina-scaled.jpg 2560w, https:\/\/assessorianavarro.cat\/wp-content\/uploads\/2023\/04\/empresarios-oficina-1024x511.jpg 1024w, https:\/\/assessorianavarro.cat\/wp-content\/uploads\/2023\/04\/empresarios-oficina-768x383.jpg 768w, https:\/\/assessorianavarro.cat\/wp-content\/uploads\/2023\/04\/empresarios-oficina-1536x766.jpg 1536w, https:\/\/assessorianavarro.cat\/wp-content\/uploads\/2023\/04\/empresarios-oficina-2048x1021.jpg 2048w, https:\/\/assessorianavarro.cat\/wp-content\/uploads\/2023\/04\/empresarios-oficina-640x319.jpg 640w, https:\/\/assessorianavarro.cat\/wp-content\/uploads\/2023\/04\/empresarios-oficina-400x199.jpg 400w\" sizes=\"auto, (max-width: 2560px) 100vw, 2560px\"><div class=\"porto-ibanner-desc no-padding d-flex\"><div class=\"container\"><div class=\"porto-ibanner-container\"><div class=\"porto-ibanner-layer wpb_custom_2c5109c031829f9c54153ed0e6239ff6 banner-pos-355d025a516a461b07ae4ae4f5e1a32c\" style=\"width:45%;\"><style>.banner-pos-355d025a516a461b07ae4ae4f5e1a32c {right:0%;left: unset;top: 50%;bottom: unset;transform: translateY(-50%);}<\/style><\/div><\/div><\/div><\/div><\/div><\/div>[\/vc_column_inner][\/vc_row_inner][\/vc_column][\/vc_row][\/vc_section]<\/div>[vc_custom_heading text=\u00bbVisi\u00f3n global para un asesoramiento profesional\u00bb font_container=\u00bbtag:h1|text_align:left\u00bb use_theme_fonts=\u00bbyes\u00bb el_class=\u00bbmlh_h1&#8243;][\/vc_column][\/vc_row][vc_section full_width=\u00bbstretch_row\u00bb css=\u00bb.vc_custom_1689150591250{padding-top: 50px !important;padding-bottom: 50px !important;}\u00bb conditional_render=\u00bb%5B%7B%22value_role%22%3A%22administrator%22%7D%5D\u00bb el_id=\u00bbquienes-somos\u00bb][vc_row full_width=\u00bbstretch_row\u00bb conditional_render=\u00bb%5B%7B%22value_role%22%3A%22administrator%22%7D%5D\u00bb][vc_column width=\u00bb1\/2&#8243;][vc_custom_heading text=\u00bbQUIENES SOMOS\u00bb use_theme_fonts=\u00bbyes\u00bb css=\u00bb.vc_custom_1689150653769{margin-bottom: 10px !important;}\u00bb][vc_column_text css=\u00bb.vc_custom_1695311637839{margin-bottom: 15px !important;}\u00bb]En Asesor\u00eda Navarro encontrar\u00e1 el asesoramiento experto y profesional que est\u00e1 buscando para hacer avanzar su negocio en las \u00e1reas de gesti\u00f3n contable, fiscal y laboral, as\u00ed como el asesoramiento jur\u00eddico necesario para resolver sus consultas en distintos \u00e1mbitos legales.[\/vc_column_text][\/vc_column][vc_column width=\u00bb1\/2&#8243;][vc_column_text]<\/p>\n<h4 style=\"text-align: center;\">Miembros de:<\/h4>\n<p>[\/vc_column_text][vc_row_inner][vc_column_inner width=\u00bb1\/3&#8243;][vc_single_image image=\u00bb432&#8243; img_size=\u00bbfull\u00bb alignment=\u00bbcenter\u00bb css=\u00bb.vc_custom_1695634733938{margin-bottom: 0px !important;}\u00bb][\/vc_column_inner][vc_column_inner width=\u00bb1\/3&#8243;][vc_single_image image=\u00bb430&#8243; img_size=\u00bbfull\u00bb alignment=\u00bbcenter\u00bb css=\u00bb.vc_custom_1695634744206{margin-bottom: 0px !important;}\u00bb][\/vc_column_inner][vc_column_inner width=\u00bb1\/3&#8243;][vc_single_image image=\u00bb431&#8243; img_size=\u00bbfull\u00bb alignment=\u00bbcenter\u00bb css=\u00bb.vc_custom_1695634752470{margin-bottom: 0px !important;}\u00bb][\/vc_column_inner][\/vc_row_inner][\/vc_column][\/vc_row][\/vc_section][vc_section full_width=\u00bbstretch_row\u00bb bottom_divider_type=\u00bbwaves\u00bb bottom_divider_flip=\u00bbtrue\u00bb css=\u00bb.vc_custom_1689157184041{padding-top: 50px !important;padding-bottom: 50px !important;background-color: #ebeaf2 !important;}\u00bb conditional_render=\u00bb%5B%7B%22value_role%22%3A%22administrator%22%7D%5D\u00bb el_id=\u00bbservicios\u00bb bottom_divider_color=\u00bb#ffffff\u00bb][vc_row full_width=\u00bbstretch_row\u00bb conditional_render=\u00bb%5B%7B%22value_role%22%3A%22administrator%22%7D%5D\u00bb][vc_column][vc_custom_heading text=\u00bbNUESTROS SERVICIOS\u00bb font_container=\u00bbtag:h2|text_align:center\u00bb use_theme_fonts=\u00bbyes\u00bb css=\u00bb.vc_custom_1689150645243{margin-bottom: 10px !important;}\u00bb][vc_row_inner css=\u00bb.vc_custom_1689158417311{margin-top: 40px !important;}\u00bb][vc_column_inner el_class=\u00bbmlh_cajaservicios\u00bb width=\u00bb1\/3&#8243; animation_delay=\u00bb100&#8243; css=\u00bb.vc_custom_1683625661205{padding-top: 0px !important;padding-right: 10px !important;padding-bottom: 0px !important;padding-left: 10px !important;}\u00bb animation_type=\u00bbfadeInUp\u00bb]<a aria-label=\"Asesoramiento Jur\u00eddico\" class=\"porto-sicon-box-link\" href=\"https:\/\/assessorianavarro.cat\/serveis\/#assessorament-juridic\"><div class=\"porto-sicon-box  vc_custom_1695725766155 MLH_servicio  wpb_custom_261528b0c38eaa1ee3c1ce86907e5ab1 style_2 top-icon\" data-appear-animation=\"fadeInUp\" data-appear-animation-delay=\"100\"><div class=\"porto-sicon-top\"><div class=\"porto-just-icon-wrapper porto-icon none\" style=\"font-size:50px;\"><i class=\"fas fa-balance-scale\"><\/i><\/div><\/div><div class=\"porto-sicon-header\"><h3 class=\"porto-sicon-title\" style=\"\">Asesoramiento Jur\u00eddico<\/h3><\/div> <!-- header --><div class=\"porto-sicon-description\" style=\"\">Nuestro equipo legal le proporcionar\u00e1 la orientaci\u00f3n y el asesoramiento legal que necesite en &#8230;<\/p>\n<p><strong>SABER M\u00c1S +<\/strong><\/div> <!-- description --><\/div><!-- porto-sicon-box --><\/a>[\/vc_column_inner][vc_column_inner el_class=\u00bbmlh_cajaservicios\u00bb width=\u00bb1\/3&#8243; animation_delay=\u00bb300&#8243; css=\u00bb.vc_custom_1683625689577{padding-top: 0px !important;padding-right: 10px !important;padding-bottom: 0px !important;padding-left: 10px !important;}\u00bb animation_type=\u00bbfadeInUp\u00bb]<a aria-label=\"Asesoramiento Contable\" class=\"porto-sicon-box-link\" href=\"https:\/\/assessorianavarro.cat\/serveis\/#assessorament-comptable\"><div class=\"porto-sicon-box  vc_custom_1695725784868 MLH_servicio  wpb_custom_9d269a5422b17003fa43cc006bdd8968 style_2 top-icon\" data-appear-animation=\"fadeInUp\" data-appear-animation-delay=\"100\"><div class=\"porto-sicon-top\"><div class=\"porto-just-icon-wrapper porto-icon none\" style=\"font-size:50px;\"><i class=\"Simple-Line-Icons-calculator\"><\/i><\/div><\/div><div class=\"porto-sicon-header\"><h3 class=\"porto-sicon-title\" style=\"\">Asesoramiento Contable<\/h3><\/div> <!-- header --><div class=\"porto-sicon-description\" style=\"\">Tendr\u00e1 el asesoramiento necesario para disponer de los estados contables y financieros de su empresa.<\/p>\n<p><strong>SABER M\u00c1S +<\/strong><\/div> <!-- description --><\/div><!-- porto-sicon-box --><\/a>[\/vc_column_inner][vc_column_inner el_class=\u00bbmlh_cajaservicios\u00bb width=\u00bb1\/3&#8243; animation_delay=\u00bb600&#8243; css=\u00bb.vc_custom_1683625710569{padding-top: 0px !important;padding-right: 10px !important;padding-bottom: 0px !important;padding-left: 10px !important;}\u00bb animation_type=\u00bbfadeInUp\u00bb]<a aria-label=\"Asesoramiento Fiscal\" class=\"porto-sicon-box-link\" href=\"https:\/\/assessorianavarro.cat\/serveis\/#assessorament-fiscal\"><div class=\"porto-sicon-box  vc_custom_1695725801950 MLH_servicio  wpb_custom_261528b0c38eaa1ee3c1ce86907e5ab1 style_2 top-icon\" data-appear-animation=\"fadeInUp\" data-appear-animation-delay=\"100\"><div class=\"porto-sicon-top\"><div class=\"porto-just-icon-wrapper porto-icon none\" style=\"font-size:50px;\"><i class=\"Simple-Line-Icons-chart\"><\/i><\/div><\/div><div class=\"porto-sicon-header\"><h3 class=\"porto-sicon-title\" style=\"\">Asesoramiento Fiscal<\/h3><\/div> <!-- header --><div class=\"porto-sicon-description\" style=\"\">Asesoramiento para el cumplimiento de las obligaciones fiscales de su empresa o negocio y optimizaci\u00f3n &#8230;<\/p>\n<p><strong>SABER M\u00c1S +<\/strong><\/div> <!-- description --><\/div><!-- porto-sicon-box --><\/a>[\/vc_column_inner][vc_column_inner el_class=\u00bbmlh_cajaservicios\u00bb width=\u00bb1\/3&#8243; animation_delay=\u00bb800&#8243; css=\u00bb.vc_custom_1683625742567{padding-top: 0px !important;padding-right: 10px !important;padding-bottom: 0px !important;padding-left: 10px !important;}\u00bb animation_type=\u00bbfadeInUp\u00bb]<a aria-label=\"Asesoramiento Laboral\" class=\"porto-sicon-box-link\" href=\"https:\/\/assessorianavarro.cat\/serveis\/#assessorament-laboral\"><div class=\"porto-sicon-box  vc_custom_1695725816934 MLH_servicio  wpb_custom_9d269a5422b17003fa43cc006bdd8968 style_2 top-icon\" data-appear-animation=\"fadeInUp\" data-appear-animation-delay=\"100\"><div class=\"porto-sicon-top\"><div class=\"porto-just-icon-wrapper porto-icon none\" style=\"font-size:50px;\"><i class=\"Simple-Line-Icons-briefcase\"><\/i><\/div><\/div><div class=\"porto-sicon-header\"><h3 class=\"porto-sicon-title\" style=\"\">Asesoramiento Laboral<\/h3><\/div> <!-- header --><div class=\"porto-sicon-description\" style=\"\">Desde nuestro departamento laboral le facilitaremos el cumplimiento de la regulaci\u00f3n laboral y le ofreceremos &#8230;<\/p>\n<p><strong>SABER M\u00c1S +<\/strong><\/div> <!-- description --><\/div><!-- porto-sicon-box --><\/a>[\/vc_column_inner][vc_column_inner el_class=\u00bbmlh_cajaservicios\u00bb width=\u00bb1\/3&#8243; css=\u00bb.vc_custom_1688985621622{padding-top: 0px !important;padding-right: 10px !important;padding-bottom: 0px !important;padding-left: 10px !important;}\u00bb]<a aria-label=\"Tr\u00e1fico\" class=\"porto-sicon-box-link\" href=\"https:\/\/assessorianavarro.cat\/serveis\/#transit\"><div class=\"porto-sicon-box  vc_custom_1695725833885 MLH_servicio  wpb_custom_261528b0c38eaa1ee3c1ce86907e5ab1 style_2 top-icon\" data-appear-animation=\"fadeInUp\" data-appear-animation-delay=\"100\"><div class=\"porto-sicon-top\"><div class=\"porto-just-icon-wrapper porto-icon none\" style=\"font-size:50px;\"><i class=\"porto-icon-category-steering\"><\/i><\/div><\/div><div class=\"porto-sicon-header\"><h3 class=\"porto-sicon-title\" style=\"\">Tr\u00e1fico<\/h3><\/div> <!-- header --><div class=\"porto-sicon-description\" style=\"\">Servicio de asistencia y gesti\u00f3n de tr\u00e1mites relacionados con veh\u00edculos.<\/p>\n<p><strong>SABER M\u00c1S +<\/strong><\/div> <!-- description --><\/div><!-- porto-sicon-box --><\/a>[\/vc_column_inner][vc_column_inner el_class=\u00bbmlh_cajaservicios\u00bb width=\u00bb1\/3&#8243; css=\u00bb.vc_custom_1688985613957{padding-top: 0px !important;padding-right: 10px !important;padding-bottom: 0px !important;padding-left: 10px !important;}\u00bb]<a aria-label=\"Herencias\" class=\"porto-sicon-box-link\" href=\"https:\/\/assessorianavarro.cat\/serveis\/#herencies\"><div class=\"porto-sicon-box  vc_custom_1695725845495 MLH_servicio  wpb_custom_9d269a5422b17003fa43cc006bdd8968 style_2 top-icon\" data-appear-animation=\"fadeInUp\" data-appear-animation-delay=\"100\"><div class=\"porto-sicon-top\"><div class=\"porto-just-icon-wrapper porto-icon none\" style=\"font-size:50px;\"><i class=\"Simple-Line-Icons-note\"><\/i><\/div><\/div><div class=\"porto-sicon-header\"><h3 class=\"porto-sicon-title\" style=\"\">Herencias<\/h3><\/div> <!-- header --><div class=\"porto-sicon-description\" style=\"\">El proceso de gesti\u00f3n de una herencia comporta una serie de pasos legales y administrativos que pueden &#8230;<\/p>\n<p><strong>SABER M\u00c1S +<\/strong><\/div> <!-- description --><\/div><!-- porto-sicon-box --><\/a>[\/vc_column_inner][\/vc_row_inner][\/vc_column][\/vc_row][\/vc_section][vc_section full_width=\u00bbstretch_row\u00bb conditional_render=\u00bb%5B%7B%22value_role%22%3A%22administrator%22%7D%5D\u00bb el_id=\u00bbcontacto\u00bb][vc_row full_width=\u00bbstretch_row\u00bb conditional_render=\u00bb%5B%7B%22value_role%22%3A%22administrator%22%7D%5D\u00bb css=\u00bb.vc_custom_1689157230493{padding-top: 20px !important;padding-bottom: 40px !important;}\u00bb][vc_column width=\u00bb1\/3&#8243;][vc_custom_heading text=\u00bbCONTACTE CON NOSOTROS\u00bb use_theme_fonts=\u00bbyes\u00bb css=\u00bb.vc_custom_1689150681930{margin-bottom: 10px !important;}\u00bb][vc_empty_space height=\u00bb35px\u00bb]<a aria-label=\"Av. Francesc Maci\u00e0, 93, 08292 - Esparreguera\" class=\"porto-sicon-box-link\" href=\"https:\/\/goo.gl\/maps\/T2TPZEESyAHJmXrX6\"><div class=\"porto-sicon-box  wpb_custom_86461664db374b90f9195aed89037636 hover-icon-left default-icon\"><div class=\"porto-sicon-default\"><div class=\"porto-just-icon-wrapper porto-sicon-img  porto-icon-9f5d1cfb45d27d96b50bf473aebba227\" style=\"font-size: 50px;\"><img loading=\"lazy\" decoding=\"async\" class=\"img-icon\" alt=\"\" src=\"https:\/\/assessorianavarro.cat\/wp-content\/uploads\/2023\/07\/ubicacion2.png\" width=\"600\" height=\"600\" \/><\/div><\/div><div class=\"porto-sicon-header\" style=\"margin-bottom:0px;\"><h3 class=\"porto-sicon-title\" style=\"margin-bottom:0px;\">Av. Francesc Maci\u00e0, 93, 08292 - Esparreguera<\/h3><\/div> <!-- header --><\/div><!-- porto-sicon-box --><\/a><a aria-label=\"info@assessorianavarro.cat\" class=\"porto-sicon-box-link\" href=\"mailto:info@assessorianavarro.cat\"><div class=\"porto-sicon-box  wpb_custom_86461664db374b90f9195aed89037636 hover-icon-left default-icon\"><div class=\"porto-sicon-default\"><div class=\"porto-just-icon-wrapper porto-sicon-img  porto-icon-9f5d1cfb45d27d96b50bf473aebba227\" style=\"font-size: 50px;\"><img loading=\"lazy\" decoding=\"async\" class=\"img-icon\" alt=\"\" src=\"https:\/\/assessorianavarro.cat\/wp-content\/uploads\/2023\/07\/email2.png\" width=\"600\" height=\"600\" \/><\/div><\/div><div class=\"porto-sicon-header\" style=\"margin-bottom:0px;\"><h3 class=\"porto-sicon-title\" style=\"margin-bottom:0px;\">info@assessorianavarro.cat<\/h3><\/div> <!-- header --><\/div><!-- porto-sicon-box --><\/a><div class=\"porto-sicon-box  wpb_custom_60f2a55fddae4220cffeb12d3b9b25e2 hover-icon-left left-icon\"><div class=\"porto-sicon-left\"><div class=\"porto-just-icon-wrapper porto-sicon-img  porto-icon-9f5d1cfb45d27d96b50bf473aebba227\" style=\"font-size: 50px;\"><img loading=\"lazy\" decoding=\"async\" class=\"img-icon\" alt=\"\" src=\"https:\/\/assessorianavarro.cat\/wp-content\/uploads\/2023\/07\/horario2.png\" width=\"600\" height=\"600\" \/><\/div><\/div><div class=\"porto-sicon-body\"><div class=\"porto-sicon-description\" style=\"color:#333333;\">L a J: 8:30h a 14h &#8211; 15h a 19h<br \/>\nV: 8:30h a 14h &#8211; 15h a 18h<\/div> <!-- description --><\/div><\/div><!-- porto-sicon-box --><a aria-label=\"937 77 69 74\" class=\"porto-sicon-box-link\" href=\"tel:+34937776974\"><div class=\"porto-sicon-box  wpb_custom_3a56b7b538b9a941e5d3bc4d381f009e hover-icon-left default-icon\"><div class=\"porto-sicon-default\"><div class=\"porto-just-icon-wrapper porto-sicon-img  porto-icon-9f5d1cfb45d27d96b50bf473aebba227\" style=\"font-size: 50px;\"><img loading=\"lazy\" decoding=\"async\" class=\"img-icon\" alt=\"\" src=\"https:\/\/assessorianavarro.cat\/wp-content\/uploads\/2023\/07\/telefono2.png\" width=\"600\" height=\"600\" \/><\/div><\/div><div class=\"porto-sicon-header\" style=\"margin-bottom:0px;\"><h3 class=\"porto-sicon-title\" style=\"margin-bottom:0px;\">937 77 69 74<\/h3><\/div> <!-- header --><\/div><!-- porto-sicon-box --><\/a>[\/vc_column][vc_column width=\u00bb2\/3&#8243; conditional_render=\u00bb%5B%7B%22value_role%22%3A%22administrator%22%7D%5D\u00bb][vc_custom_heading text=\u00bb\u00bfTIENES ALGUNA DUDA? ESCRIBENOS\u00bb font_container=\u00bbtag:h2|text_align:center\u00bb use_theme_fonts=\u00bbyes\u00bb css=\u00bb.vc_custom_1689164776218{margin-bottom: 10px !important;}\u00bb][vc_empty_space height=\u00bb35px\u00bb]\n<div class=\"wpcf7 no-js\" id=\"wpcf7-f83-o1\" lang=\"es-ES\" dir=\"ltr\" data-wpcf7-id=\"83\">\n<div class=\"screen-reader-response\"><p role=\"status\" aria-live=\"polite\" aria-atomic=\"true\"><\/p> <ul><\/ul><\/div>\n<form action=\"\/es\/wp-json\/wp\/v2\/pages\/474#wpcf7-f83-o1\" method=\"post\" class=\"wpcf7-form init\" aria-label=\"Formulario de contacto\" novalidate=\"novalidate\" data-status=\"init\">\n<fieldset class=\"hidden-fields-container\"><input type=\"hidden\" name=\"_wpcf7\" value=\"83\" \/><input type=\"hidden\" name=\"_wpcf7_version\" value=\"6.1.5\" \/><input type=\"hidden\" name=\"_wpcf7_locale\" value=\"es_ES\" \/><input type=\"hidden\" name=\"_wpcf7_unit_tag\" value=\"wpcf7-f83-o1\" \/><input type=\"hidden\" name=\"_wpcf7_container_post\" value=\"0\" \/><input type=\"hidden\" name=\"_wpcf7_posted_data_hash\" value=\"\" \/><input type=\"hidden\" name=\"_wpcf7_recaptcha_response\" value=\"\" \/>\n<\/fieldset>\n<div class=\"left\"><span class=\"wpcf7-form-control-wrap\" data-name=\"your-name\"><input size=\"40\" maxlength=\"400\" class=\"wpcf7-form-control wpcf7-text wpcf7-validates-as-required\" aria-required=\"true\" aria-invalid=\"false\" placeholder=\"Nom *\" value=\"\" type=\"text\" name=\"your-name\" \/><\/span><\/div>\n\n<div class=\"right\"><span class=\"wpcf7-form-control-wrap\" data-name=\"your-phone\"><input size=\"40\" maxlength=\"400\" class=\"wpcf7-form-control wpcf7-text\" aria-invalid=\"false\" placeholder=\"Tel\u00e8fon\" value=\"\" type=\"text\" name=\"your-phone\" \/><\/span><\/div>\n\n<span class=\"wpcf7-form-control-wrap\" data-name=\"your-email\"><input size=\"40\" maxlength=\"400\" class=\"wpcf7-form-control wpcf7-email wpcf7-validates-as-required wpcf7-text wpcf7-validates-as-email\" aria-required=\"true\" aria-invalid=\"false\" placeholder=\"Correu electr\u00f2nic *\" value=\"\" type=\"email\" name=\"your-email\" \/><\/span>\n\n<span class=\"wpcf7-form-control-wrap\" data-name=\"your-message\"><textarea cols=\"40\" rows=\"10\" maxlength=\"2000\" class=\"wpcf7-form-control wpcf7-textarea wpcf7-validates-as-required\" aria-required=\"true\" aria-invalid=\"false\" placeholder=\"Missatge*\" name=\"your-message\"><\/textarea><\/span>\n\n<div class=\"MLH_Form\"><strong>Protecci\u00f3 de dades personals.<\/strong> Utilitzarem les vostres dades per respondre consultes i realitzar an\u00e0lisis estad\u00edstiques. Per a m\u00e9s informaci\u00f3 sobre el tractament i els seus drets, consulteu la <a href='https:\/\/assessorianavarro.cat\/politica-de-privacitat-i-avis-legal\/' rel='nofollow' target=\"_blank\">Pol\u00edtica de Privacitat<\/a>.<\/div>\n\n<input class=\"wpcf7-form-control wpcf7-submit has-spinner\" type=\"submit\" value=\"Enviar\" \/><div class=\"wpcf7-response-output\" aria-hidden=\"true\"><\/div>\n<\/form>\n<\/div>\n[\/vc_column][\/vc_row][vc_row full_width=\u00bbstretch_row_content_no_spaces\u00bb conditional_render=\u00bb%5B%7B%22value_role%22%3A%22administrator%22%7D%5D\u00bb][vc_column][vc_gmaps link=\u00bb#E-8_JTNDaWZyYW1lJTIwc3JjJTNEJTIyaHR0cHMlM0ElMkYlMkZ3d3cuZ29vZ2xlLmNvbSUyRm1hcHMlMkZlbWJlZCUzRnBiJTNEJTIxMW0xNCUyMTFtOCUyMTFtMyUyMTFkNTk3Mi43Mzk3MjYxNzQ4MzUlMjEyZDEuODU5NTY0Mjc1ODU0MDY4JTIxM2Q0MS41Mzk1ODgzNDQ1NDkyNjYlMjEzbTIlMjExaTEwMjQlMjEyaTc2OCUyMTRmMTMuMSUyMTNtMyUyMTFtMiUyMTFzMHgxMmE0OGE1M2NjNmE1MzFmJTI1M0EweDkxNWRkMmYxYmQ0NjNiMmUlMjEyc0NFTlRSRSUyNTIwREUlMjUyME5FR09DSVMlMjUyME5BVkFSUk8lMjUyMEklMjUyMEFTU09DSUFUUyUyNTJDJTI1MjBTLkwuJTIxNWUwJTIxM20yJTIxMXNlcyUyMTJzZXMlMjE0djE2ODkwNzczMjYyNDIlMjE1bTIlMjExc2VzJTIxMnNlcyUyMiUyMHdpZHRoJTNEJTIyNjAwJTIyJTIwaGVpZ2h0JTNEJTIyNDUwJTIyJTIwc3R5bGUlM0QlMjJib3JkZXIlM0EwJTNCJTIyJTIwYWxsb3dmdWxsc2NyZWVuJTNEJTIyJTIyJTIwbG9hZGluZyUzRCUyMmxhenklMjIlMjByZWZlcnJlcnBvbGljeSUzRCUyMm5vLXJlZmVycmVyLXdoZW4tZG93bmdyYWRlJTIyJTNFJTNDJTJGaWZyYW1lJTNF\u00bb size=\u00bb340&#8243;][\/vc_column][\/vc_row][\/vc_section]<\/p>\n<\/div>","protected":false},"excerpt":{"rendered":"<p>[vc_row][vc_column][vc_custom_heading text=\u00bbVisi\u00f3n global para un asesoramiento profesional\u00bb font_container=\u00bbtag:h1|text_align:left\u00bb use_theme_fonts=\u00bbyes\u00bb el_class=\u00bbmlh_h1&#8243;][\/vc_column][\/vc_row][vc_section full_width=\u00bbstretch_row\u00bb css=\u00bb.vc_custom_1689150591250{padding-top: 50px !important;padding-bottom: 50px !important;}\u00bb conditional_render=\u00bb%5B%7B%22value_role%22%3A%22administrator%22%7D%5D\u00bb el_id=\u00bbquienes-somos\u00bb][vc_row full_width=\u00bbstretch_row\u00bb conditional_render=\u00bb%5B%7B%22value_role%22%3A%22administrator%22%7D%5D\u00bb][vc_column width=\u00bb1\/2&#8243;][vc_custom_heading text=\u00bbQUIENES SOMOS\u00bb use_theme_fonts=\u00bbyes\u00bb css=\u00bb.vc_custom_1689150653769{margin-bottom: 10px !important;}\u00bb][vc_column_text css=\u00bb.vc_custom_1695311637839{margin-bottom: 15px !important;}\u00bb]En Asesor\u00eda Navarro encontrar\u00e1 el asesoramiento experto y profesional que est\u00e1 buscando para hacer avanzar su negocio en las \u00e1reas de gesti\u00f3n contable, fiscal y laboral, [&hellip;]<\/p>\n","protected":false},"author":1,"featured_media":0,"parent":0,"menu_order":0,"comment_status":"closed","ping_status":"closed","template":"","meta":{"_seopress_robots_primary_cat":"","_seopress_titles_title":"%%sitetitle%%","_seopress_titles_desc":"Su socio de confianza para la gesti\u00f3n de su empresa en Catalu\u00f1a","_seopress_robots_index":"","footnotes":""},"class_list":["post-474","page","type-page","status-publish","hentry"],"_links":{"self":[{"href":"https:\/\/assessorianavarro.cat\/es\/wp-json\/wp\/v2\/pages\/474","targetHints":{"allow":["GET"]}}],"collection":[{"href":"https:\/\/assessorianavarro.cat\/es\/wp-json\/wp\/v2\/pages"}],"about":[{"href":"https:\/\/assessorianavarro.cat\/es\/wp-json\/wp\/v2\/types\/page"}],"author":[{"embeddable":true,"href":"https:\/\/assessorianavarro.cat\/es\/wp-json\/wp\/v2\/users\/1"}],"replies":[{"embeddable":true,"href":"https:\/\/assessorianavarro.cat\/es\/wp-json\/wp\/v2\/comments?post=474"}],"version-history":[{"count":2,"href":"https:\/\/assessorianavarro.cat\/es\/wp-json\/wp\/v2\/pages\/474\/revisions"}],"predecessor-version":[{"id":530,"href":"https:\/\/assessorianavarro.cat\/es\/wp-json\/wp\/v2\/pages\/474\/revisions\/530"}],"wp:attachment":[{"href":"https:\/\/assessorianavarro.cat\/es\/wp-json\/wp\/v2\/media?parent=474"}],"curies":[{"name":"wp","href":"https:\/\/api.w.org\/{rel}","templated":true}]}}